{"id":20,"date":"2019-09-09T11:23:53","date_gmt":"2019-09-09T11:23:53","guid":{"rendered":"https:\/\/www.becon.hr\/?p=20"},"modified":"2024-06-06T19:05:27","modified_gmt":"2024-06-06T19:05:27","slug":"contact","status":"publish","type":"page","link":"https:\/\/www.becon.hr\/?page_id=20","title":{"rendered":"Kontakt"},"content":{"rendered":"<h1>Kontaktirajte nas<span class=\"uk-text-primary\">.<\/span><\/h1>\n<div>\n<div class=\"wpforms-container wpforms-container-full wpforms-render-modern\" id=\"wpforms-1133\"><form id=\"wpforms-form-1133\" class=\"wpforms-validate wpforms-form wpforms-ajax-form\" data-formid=\"1133\" method=\"post\" enctype=\"multipart\/form-data\" action=\"\/index.php?rest_route=%2Fwp%2Fv2%2Fpages%2F20\" data-token=\"d174be0a635dc24bd10413b35eff7475\"><noscript class=\"wpforms-error-noscript\">Please enable JavaScript in your browser to complete this form.<\/noscript><div class=\"wpforms-hidden\" id=\"wpforms-error-noscript\">Please enable JavaScript in your browser to complete this form.<\/div><div class=\"wpforms-field-container\"><div id=\"wpforms-1133-field_0-container\" class=\"wpforms-field wpforms-field-name\" data-field-id=\"0\"><fieldset><legend class=\"wpforms-field-label\">Osobni podaci <span class=\"wpforms-required-label\" aria-hidden=\"true\">*<\/span><\/legend><div class=\"wpforms-field-row wpforms-field-medium\"><div class=\"wpforms-field-row-block wpforms-first wpforms-one-half\"><input type=\"text\" id=\"wpforms-1133-field_0\" class=\"wpforms-field-name-first wpforms-field-required\" name=\"wpforms[fields][0][first]\" placeholder=\"Ime\" aria-errormessage=\"wpforms-1133-field_0-error\" required><label for=\"wpforms-1133-field_0\" class=\"wpforms-field-sublabel after wpforms-sublabel-hide\">First<\/label><\/div><div class=\"wpforms-field-row-block wpforms-one-half\"><input type=\"text\" id=\"wpforms-1133-field_0-last\" class=\"wpforms-field-name-last wpforms-field-required\" name=\"wpforms[fields][0][last]\" placeholder=\"Prezime\" aria-errormessage=\"wpforms-1133-field_0-last-error\" required><label for=\"wpforms-1133-field_0-last\" class=\"wpforms-field-sublabel after wpforms-sublabel-hide\">Last<\/label><\/div><\/div><\/fieldset><\/div><div id=\"wpforms-1133-field_1-container\" class=\"wpforms-field wpforms-field-email\" data-field-id=\"1\"><label class=\"wpforms-field-label\" for=\"wpforms-1133-field_1\">Email <span class=\"wpforms-required-label\" aria-hidden=\"true\">*<\/span><\/label><input type=\"email\" id=\"wpforms-1133-field_1\" class=\"wpforms-field-medium wpforms-field-required\" name=\"wpforms[fields][1]\" spellcheck=\"false\" aria-errormessage=\"wpforms-1133-field_1-error\" required><\/div><div id=\"wpforms-1133-field_2-container\" class=\"wpforms-field wpforms-field-textarea\" data-field-id=\"2\"><label class=\"wpforms-field-label\" for=\"wpforms-1133-field_2\">Poruka ili upit <span class=\"wpforms-required-label\" aria-hidden=\"true\">*<\/span><\/label><textarea id=\"wpforms-1133-field_2\" class=\"wpforms-field-medium wpforms-field-required\" name=\"wpforms[fields][2]\" aria-errormessage=\"wpforms-1133-field_2-error\" required><\/textarea><\/div><\/div><!-- .wpforms-field-container --><div class=\"wpforms-submit-container\" ><input type=\"hidden\" name=\"wpforms[id]\" value=\"1133\"><input type=\"hidden\" name=\"wpforms[author]\" value=\"1\"><button type=\"submit\" name=\"wpforms[submit]\" id=\"wpforms-submit-1133\" class=\"wpforms-submit\" data-alt-text=\"Slanje...\" data-submit-text=\"Po\u0161alji\" aria-live=\"assertive\" value=\"wpforms-submit\">Po\u0161alji<\/button><img loading=\"lazy\" decoding=\"async\" src=\"https:\/\/www.becon.hr\/wp-content\/plugins\/wpforms-lite\/assets\/images\/submit-spin.svg\" class=\"wpforms-submit-spinner\" style=\"display: none;\" width=\"26\" height=\"26\" alt=\"Loading\"><\/div><\/form><\/div>  <!-- .wpforms-container --><\/div>\n<div>\n<h2>BeCon<\/h2>\n<div>\n<p class=\"uk-text-large\">obrt za tehni\u010dko savjetovanje i usluge<br \/>vl. Jurica Behin<br \/>Ku\u0107an Marof, Vara\u017edinska 23<br \/>42 000 Vara\u017edin<br \/>Hrvatksa<\/p>\n<p class=\"uk-text-large\">j.behin@becon.hr<\/p>\n<\/div>\n<\/div>\n<p><!--more--><br \/>\n<!-- {\"type\":\"layout\",\"children\":[{\"type\":\"section\",\"props\":{\"animation\":\"slide-left-small\",\"header_transparent\":\"light\",\"image\":\"wp-content\\\/uploads\\\/yootheme\\\/home-hero-bg.svg\",\"image_loading\":true,\"image_position\":\"top-center\",\"padding\":\"large\",\"padding_remove_bottom\":false,\"style\":\"secondary\",\"title_breakpoint\":\"xl\",\"title_position\":\"top-left\",\"title_rotation\":\"left\",\"vertical_align\":\"middle\",\"width\":\"default\"},\"children\":[{\"type\":\"row\",\"children\":[{\"type\":\"column\",\"props\":{\"image_position\":\"center-center\",\"media_overlay_gradient\":\"\",\"position_sticky_breakpoint\":\"m\",\"width_medium\":\"1-1\"},\"children\":[{\"type\":\"headline\",\"props\":{\"content\":\"Kontaktirajte nas<span class=\\\"uk-text-primary\\\">.<\\\/span>\",\"title_element\":\"h1\",\"title_style\":\"heading-xlarge\"}}]}]}],\"name\":\"Hero\"},{\"type\":\"section\",\"props\":{\"image\":\"\",\"image_effect\":\"fixed\",\"image_loading\":true,\"image_position\":\"center-center\",\"image_size\":\"cover\",\"image_width\":\"2560\",\"padding\":\"large\",\"style\":\"secondary\",\"title_breakpoint\":\"xl\",\"title_position\":\"top-left\",\"title_rotation\":\"left\",\"vertical_align\":\"middle\",\"width\":\"default\"},\"children\":[{\"type\":\"row\",\"props\":{\"layout\":\"1-2,1-2\"},\"children\":[{\"type\":\"column\",\"props\":{\"image_position\":\"center-center\",\"media_overlay_gradient\":\"\",\"position_sticky_breakpoint\":\"m\",\"width_medium\":\"1-2\"},\"children\":[{\"type\":\"html\",\"props\":{\"content\":\"[wpforms id=\\\"1133\\\" title=\\\"false\\\"]\"}}]},{\"type\":\"column\",\"props\":{\"image_position\":\"center-center\",\"media_overlay_gradient\":\"\",\"position_sticky_breakpoint\":\"m\",\"width_medium\":\"1-2\"},\"children\":[{\"type\":\"panel\",\"props\":{\"block_align\":\"right\",\"content\":\"\n\n<p class=\\\"uk-text-large\\\">obrt za tehni\\u010dko savjetovanje i usluge<br \\\/>vl. Jurica Behin<br \\\/>Ku\\u0107an Marof, Vara\\u017edinska 23<br \\\/>42 000 Vara\\u017edin<br \\\/>Hrvatksa<\\\/p>\\n\n\n<p class=\\\"uk-text-large\\\">j.behin@becon.hr<\\\/p>\",\"content_column_breakpoint\":\"m\",\"content_margin\":\"medium\",\"icon_width\":80,\"image_align\":\"top\",\"image_grid_breakpoint\":\"m\",\"image_grid_width\":\"1-2\",\"image_svg_color\":\"emphasis\",\"link\":\"\",\"link_margin\":\"large\",\"link_style\":\"default\",\"link_target\":false,\"link_text\":\"Open in Map\",\"margin\":\"default\",\"maxwidth\":\"large\",\"meta_align\":\"below-title\",\"meta_element\":\"div\",\"meta_style\":\"text-meta\",\"panel_padding\":\"large\",\"panel_style\":\"card-secondary\",\"title\":\"BeCon\",\"title_align\":\"top\",\"title_element\":\"h2\",\"title_grid_breakpoint\":\"m\",\"title_grid_width\":\"1-2\",\"title_hover_style\":\"reset\",\"title_margin\":\"remove\",\"title_style\":\"heading-small\"}}]}]}],\"name\":\"Kontakt\"}],\"version\":\"3.0.20\"} --><\/p>\n","protected":false},"excerpt":{"rendered":"<p>Kontaktirajte nas. BeCon obrt za tehni\u010dko savjetovanje i uslugevl. Jurica BehinKu\u0107an Marof, Vara\u017edinska 2342 000 Vara\u017edinHrvatksa j.behin@becon.hr<\/p>\n","protected":false},"author":1,"featured_media":0,"parent":0,"menu_order":1,"comment_status":"open","ping_status":"open","template":"","meta":{"footnotes":""},"class_list":["post-20","page","type-page","status-publish","hentry"],"acf":[],"_links":{"self":[{"href":"https:\/\/www.becon.hr\/index.php?rest_route=\/wp\/v2\/pages\/20","targetHints":{"allow":["GET"]}}],"collection":[{"href":"https:\/\/www.becon.hr\/index.php?rest_route=\/wp\/v2\/pages"}],"about":[{"href":"https:\/\/www.becon.hr\/index.php?rest_route=\/wp\/v2\/types\/page"}],"author":[{"embeddable":true,"href":"https:\/\/www.becon.hr\/index.php?rest_route=\/wp\/v2\/users\/1"}],"replies":[{"embeddable":true,"href":"https:\/\/www.becon.hr\/index.php?rest_route=%2Fwp%2Fv2%2Fcomments&post=20"}],"version-history":[{"count":6,"href":"https:\/\/www.becon.hr\/index.php?rest_route=\/wp\/v2\/pages\/20\/revisions"}],"predecessor-version":[{"id":1153,"href":"https:\/\/www.becon.hr\/index.php?rest_route=\/wp\/v2\/pages\/20\/revisions\/1153"}],"wp:attachment":[{"href":"https:\/\/www.becon.hr\/index.php?rest_route=%2Fwp%2Fv2%2Fmedia&parent=20"}],"curies":[{"name":"wp","href":"https:\/\/api.w.org\/{rel}","templated":true}]}}